{"id":3,"date":"2021-07-21T19:49:38","date_gmt":"2021-07-21T19:49:38","guid":{"rendered":"https:\/\/xn--zum-schlssel-klb.de\/?page_id=3"},"modified":"2023-03-16T19:39:28","modified_gmt":"2023-03-16T18:39:28","slug":"privacy-policy","status":"publish","type":"page","link":"https:\/\/xn--zum-schlssel-klb.de\/?page_id=3","title":{"rendered":"Impressum und Datenschutz"},"content":{"rendered":"\n<p class=\"has-normal-font-size\" style=\"line-height:1\">Jens P\u00f6tschke<\/p>\n\n\n\n<p style=\"line-height:1\">Schl\u00fcssel 1<\/p>\n\n\n\n<p style=\"line-height:1\">02627 Hochkirch<\/p>\n\n\n\n<p style=\"line-height:1\">Email: mail@zum-schluessel.de<\/p>\n\n\n\n<p><\/p>\n\n\n\n<p><\/p>\n\n\n\n<p><strong>Inhalt des Online-Angebots<\/strong><\/p>\n\n\n\n<p>Wir \u00fcbernehmen keinerlei Gew\u00e4hr f\u00fcr die Aktualit\u00e4t, Korrektheit, Vollst\u00e4ndigkeit oder Qualit\u00e4t der bereitgestellten Informationen. Haftungsanspr\u00fcche gegen\u00fcber dem Betreiber dieser Webseite, welche sich auf Sch\u00e4den materieller oder ideeller Art beziehen, die durch die Nutzung oder Nichtnutzung der dargebotenen Informationen bzw. durch die Nutzung fehlerhafter und unvollst\u00e4ndiger Informationen verursacht wurden, sind grunds\u00e4tzlich ausgeschlossen, sofern von unserer Seite kein nachweislich vors\u00e4tzliches oder grob fahrl\u00e4ssiges Verschulden vorliegt. Alle Angebote sind freibleibend und unverbindlich. Wir behalten es uns ausdr\u00fccklich vor, Teile der Seiten oder das gesamte Angebot ohne gesonderte Ank\u00fcndigung zu ver\u00e4ndern, zu erg\u00e4nzen, zu l\u00f6schen oder die Ver\u00f6ffentlichung zeitweise oder endg\u00fcltig einzustellen.<\/p>\n\n\n\n<p><strong>Haftung f\u00fcr Links<\/strong><\/p>\n\n\n\n<p>Trotz sorgf\u00e4ltiger inhaltlicher Kontrolle \u00fcbernehmen wir keine Haftung f\u00fcr die Inhalte externer Links. F\u00fcr den Inhalt der verlinkten Seiten sind ausschlie\u00dflich deren Betreiber verantwortlich.<\/p>\n\n\n\n<p><\/p>\n","protected":false},"excerpt":{"rendered":"<p>Jens P\u00f6tschke Schl\u00fcssel 1 02627 Hochkirch Email: mail@zum-schluessel.de Inhalt des Online-Angebots Wir \u00fcbernehmen keinerlei Gew\u00e4hr f\u00fcr die Aktualit\u00e4t, Korrektheit, Vollst\u00e4ndigkeit oder Qualit\u00e4t der bereitgestellten Informationen. Haftungsanspr\u00fcche gegen\u00fcber dem Betreiber dieser Webseite, welche sich auf Sch\u00e4den materieller oder ideeller Art beziehen, die durch die Nutzung oder Nichtnutzung der dargebotenen Informationen bzw. durch die Nutzung fehlerhafter und &hellip; <\/p>\n<p class=\"link-more\"><a href=\"https:\/\/xn--zum-schlssel-klb.de\/?page_id=3\" class=\"more-link\"><span class=\"screen-reader-text\">\u201eImpressum und Datenschutz\u201c <\/span>weiterlesen<\/a><\/p>\n","protected":false},"author":1,"featured_media":0,"parent":0,"menu_order":0,"comment_status":"closed","ping_status":"open","template":"","meta":{"footnotes":""},"class_list":["post-3","page","type-page","status-publish","hentry"],"yoast_head":"<!-- This site is optimized with the Yoast SEO plugin v27.4 - https:\/\/yoast.com\/product\/yoast-seo-wordpress\/ -->\n<title>Impressum und Datenschutz - Zum Goldenen Schl\u00fcssel<\/title>\n<meta name=\"robots\" content=\"index, follow, max-snippet:-1, max-image-preview:large, max-video-preview:-1\" \/>\n<link rel=\"canonical\" href=\"https:\/\/xn--zum-schlssel-klb.de\/?page_id=3\" \/>\n<meta property=\"og:locale\" content=\"de_DE\" \/>\n<meta property=\"og:type\" content=\"article\" \/>\n<meta property=\"og:title\" content=\"Impressum und Datenschutz - Zum Goldenen Schl\u00fcssel\" \/>\n<meta property=\"og:description\" content=\"Jens P\u00f6tschke Schl\u00fcssel 1 02627 Hochkirch Email: mail@zum-schluessel.de Inhalt des Online-Angebots Wir \u00fcbernehmen keinerlei Gew\u00e4hr f\u00fcr die Aktualit\u00e4t, Korrektheit, Vollst\u00e4ndigkeit oder Qualit\u00e4t der bereitgestellten Informationen. Haftungsanspr\u00fcche gegen\u00fcber dem Betreiber dieser Webseite, welche sich auf Sch\u00e4den materieller oder ideeller Art beziehen, die durch die Nutzung oder Nichtnutzung der dargebotenen Informationen bzw. durch die Nutzung fehlerhafter und &hellip; \u201eImpressum und Datenschutz\u201c weiterlesen\" \/>\n<meta property=\"og:url\" content=\"https:\/\/xn--zum-schlssel-klb.de\/?page_id=3\" \/>\n<meta property=\"og:site_name\" content=\"Zum Goldenen Schl\u00fcssel\" \/>\n<meta property=\"article:modified_time\" content=\"2023-03-16T18:39:28+00:00\" \/>\n<meta name=\"twitter:card\" content=\"summary_large_image\" \/>\n<meta name=\"twitter:label1\" content=\"Gesch\u00e4tzte Lesezeit\" \/>\n\t<meta name=\"twitter:data1\" content=\"1\u00a0Minute\" \/>\n<script type=\"application\/ld+json\" class=\"yoast-schema-graph\">{\"@context\":\"https:\\\/\\\/schema.org\",\"@graph\":[{\"@type\":\"WebPage\",\"@id\":\"https:\\\/\\\/xn--zum-schlssel-klb.de\\\/?page_id=3\",\"url\":\"https:\\\/\\\/xn--zum-schlssel-klb.de\\\/?page_id=3\",\"name\":\"Impressum und Datenschutz - Zum Goldenen Schl\u00fcssel\",\"isPartOf\":{\"@id\":\"https:\\\/\\\/xn--zum-schlssel-klb.de\\\/#website\"},\"datePublished\":\"2021-07-21T19:49:38+00:00\",\"dateModified\":\"2023-03-16T18:39:28+00:00\",\"breadcrumb\":{\"@id\":\"https:\\\/\\\/xn--zum-schlssel-klb.de\\\/?page_id=3#breadcrumb\"},\"inLanguage\":\"de\",\"potentialAction\":[{\"@type\":\"ReadAction\",\"target\":[\"https:\\\/\\\/xn--zum-schlssel-klb.de\\\/?page_id=3\"]}]},{\"@type\":\"BreadcrumbList\",\"@id\":\"https:\\\/\\\/xn--zum-schlssel-klb.de\\\/?page_id=3#breadcrumb\",\"itemListElement\":[{\"@type\":\"ListItem\",\"position\":1,\"name\":\"Startseite\",\"item\":\"https:\\\/\\\/xn--zum-schlssel-klb.de\\\/\"},{\"@type\":\"ListItem\",\"position\":2,\"name\":\"Impressum und Datenschutz\"}]},{\"@type\":\"WebSite\",\"@id\":\"https:\\\/\\\/xn--zum-schlssel-klb.de\\\/#website\",\"url\":\"https:\\\/\\\/xn--zum-schlssel-klb.de\\\/\",\"name\":\"Zum Goldenen Schl\u00fcssel\",\"description\":\"\",\"publisher\":{\"@id\":\"https:\\\/\\\/xn--zum-schlssel-klb.de\\\/#organization\"},\"potentialAction\":[{\"@type\":\"SearchAction\",\"target\":{\"@type\":\"EntryPoint\",\"urlTemplate\":\"https:\\\/\\\/xn--zum-schlssel-klb.de\\\/?s={search_term_string}\"},\"query-input\":{\"@type\":\"PropertyValueSpecification\",\"valueRequired\":true,\"valueName\":\"search_term_string\"}}],\"inLanguage\":\"de\"},{\"@type\":\"Organization\",\"@id\":\"https:\\\/\\\/xn--zum-schlssel-klb.de\\\/#organization\",\"name\":\"Zum Goldenen Schl\u00fcssel\",\"url\":\"https:\\\/\\\/xn--zum-schlssel-klb.de\\\/\",\"logo\":{\"@type\":\"ImageObject\",\"inLanguage\":\"de\",\"@id\":\"https:\\\/\\\/xn--zum-schlssel-klb.de\\\/#\\\/schema\\\/logo\\\/image\\\/\",\"url\":\"https:\\\/\\\/xn--zum-schlssel-klb.de\\\/wp-content\\\/uploads\\\/2024\\\/02\\\/cropped-240210-Logo-Schluessel.png\",\"contentUrl\":\"https:\\\/\\\/xn--zum-schlssel-klb.de\\\/wp-content\\\/uploads\\\/2024\\\/02\\\/cropped-240210-Logo-Schluessel.png\",\"width\":279,\"height\":250,\"caption\":\"Zum Goldenen Schl\u00fcssel\"},\"image\":{\"@id\":\"https:\\\/\\\/xn--zum-schlssel-klb.de\\\/#\\\/schema\\\/logo\\\/image\\\/\"}}]}<\/script>\n<!-- \/ Yoast SEO plugin. -->","yoast_head_json":{"title":"Impressum und Datenschutz - Zum Goldenen Schl\u00fcssel","robots":{"index":"index","follow":"follow","max-snippet":"max-snippet:-1","max-image-preview":"max-image-preview:large","max-video-preview":"max-video-preview:-1"},"canonical":"https:\/\/xn--zum-schlssel-klb.de\/?page_id=3","og_locale":"de_DE","og_type":"article","og_title":"Impressum und Datenschutz - Zum Goldenen Schl\u00fcssel","og_description":"Jens P\u00f6tschke Schl\u00fcssel 1 02627 Hochkirch Email: mail@zum-schluessel.de Inhalt des Online-Angebots Wir \u00fcbernehmen keinerlei Gew\u00e4hr f\u00fcr die Aktualit\u00e4t, Korrektheit, Vollst\u00e4ndigkeit oder Qualit\u00e4t der bereitgestellten Informationen. Haftungsanspr\u00fcche gegen\u00fcber dem Betreiber dieser Webseite, welche sich auf Sch\u00e4den materieller oder ideeller Art beziehen, die durch die Nutzung oder Nichtnutzung der dargebotenen Informationen bzw. durch die Nutzung fehlerhafter und &hellip; \u201eImpressum und Datenschutz\u201c weiterlesen","og_url":"https:\/\/xn--zum-schlssel-klb.de\/?page_id=3","og_site_name":"Zum Goldenen Schl\u00fcssel","article_modified_time":"2023-03-16T18:39:28+00:00","twitter_card":"summary_large_image","twitter_misc":{"Gesch\u00e4tzte Lesezeit":"1\u00a0Minute"},"schema":{"@context":"https:\/\/schema.org","@graph":[{"@type":"WebPage","@id":"https:\/\/xn--zum-schlssel-klb.de\/?page_id=3","url":"https:\/\/xn--zum-schlssel-klb.de\/?page_id=3","name":"Impressum und Datenschutz - Zum Goldenen Schl\u00fcssel","isPartOf":{"@id":"https:\/\/xn--zum-schlssel-klb.de\/#website"},"datePublished":"2021-07-21T19:49:38+00:00","dateModified":"2023-03-16T18:39:28+00:00","breadcrumb":{"@id":"https:\/\/xn--zum-schlssel-klb.de\/?page_id=3#breadcrumb"},"inLanguage":"de","potentialAction":[{"@type":"ReadAction","target":["https:\/\/xn--zum-schlssel-klb.de\/?page_id=3"]}]},{"@type":"BreadcrumbList","@id":"https:\/\/xn--zum-schlssel-klb.de\/?page_id=3#breadcrumb","itemListElement":[{"@type":"ListItem","position":1,"name":"Startseite","item":"https:\/\/xn--zum-schlssel-klb.de\/"},{"@type":"ListItem","position":2,"name":"Impressum und Datenschutz"}]},{"@type":"WebSite","@id":"https:\/\/xn--zum-schlssel-klb.de\/#website","url":"https:\/\/xn--zum-schlssel-klb.de\/","name":"Zum Goldenen Schl\u00fcssel","description":"","publisher":{"@id":"https:\/\/xn--zum-schlssel-klb.de\/#organization"},"potentialAction":[{"@type":"SearchAction","target":{"@type":"EntryPoint","urlTemplate":"https:\/\/xn--zum-schlssel-klb.de\/?s={search_term_string}"},"query-input":{"@type":"PropertyValueSpecification","valueRequired":true,"valueName":"search_term_string"}}],"inLanguage":"de"},{"@type":"Organization","@id":"https:\/\/xn--zum-schlssel-klb.de\/#organization","name":"Zum Goldenen Schl\u00fcssel","url":"https:\/\/xn--zum-schlssel-klb.de\/","logo":{"@type":"ImageObject","inLanguage":"de","@id":"https:\/\/xn--zum-schlssel-klb.de\/#\/schema\/logo\/image\/","url":"https:\/\/xn--zum-schlssel-klb.de\/wp-content\/uploads\/2024\/02\/cropped-240210-Logo-Schluessel.png","contentUrl":"https:\/\/xn--zum-schlssel-klb.de\/wp-content\/uploads\/2024\/02\/cropped-240210-Logo-Schluessel.png","width":279,"height":250,"caption":"Zum Goldenen Schl\u00fcssel"},"image":{"@id":"https:\/\/xn--zum-schlssel-klb.de\/#\/schema\/logo\/image\/"}}]}},"_links":{"self":[{"href":"https:\/\/xn--zum-schlssel-klb.de\/index.php?rest_route=\/wp\/v2\/pages\/3","targetHints":{"allow":["GET"]}}],"collection":[{"href":"https:\/\/xn--zum-schlssel-klb.de\/index.php?rest_route=\/wp\/v2\/pages"}],"about":[{"href":"https:\/\/xn--zum-schlssel-klb.de\/index.php?rest_route=\/wp\/v2\/types\/page"}],"author":[{"embeddable":true,"href":"https:\/\/xn--zum-schlssel-klb.de\/index.php?rest_route=\/wp\/v2\/users\/1"}],"replies":[{"embeddable":true,"href":"https:\/\/xn--zum-schlssel-klb.de\/index.php?rest_route=%2Fwp%2Fv2%2Fcomments&post=3"}],"version-history":[{"count":6,"href":"https:\/\/xn--zum-schlssel-klb.de\/index.php?rest_route=\/wp\/v2\/pages\/3\/revisions"}],"predecessor-version":[{"id":87,"href":"https:\/\/xn--zum-schlssel-klb.de\/index.php?rest_route=\/wp\/v2\/pages\/3\/revisions\/87"}],"wp:attachment":[{"href":"https:\/\/xn--zum-schlssel-klb.de\/index.php?rest_route=%2Fwp%2Fv2%2Fmedia&parent=3"}],"curies":[{"name":"wp","href":"https:\/\/api.w.org\/{rel}","templated":true}]}}