{"id":343,"date":"2024-02-10T17:01:35","date_gmt":"2024-02-10T16:01:35","guid":{"rendered":"https:\/\/xn--zum-schlssel-klb.de\/?page_id=343"},"modified":"2024-04-15T07:34:39","modified_gmt":"2024-04-15T05:34:39","slug":"die-geschichte-des-gasthofs-zum-goldenen-schluessel","status":"publish","type":"page","link":"https:\/\/xn--zum-schlssel-klb.de\/?page_id=343","title":{"rendered":"Die Geschichte des Gasthofs &#8222;Zum goldenen Schl\u00fcssel&#8220;"},"content":{"rendered":"\n<p><\/p>\n\n\n\n<p class=\"has-text-align-center has-medium-font-size\">Gebaut im 16. Jahrhundert als  <br>Schmiede mit Wirtshaus<\/p>\n\n\n\n<h2 class=\"wp-block-heading has-text-align-center\"><mark style=\"background-color:rgba(0, 0, 0, 0)\" class=\"has-inline-color has-black-color\">Die urspr\u00fcngliche Schmiede mit Wirtshaus  &#8222;Schlo\u00dfer Schenke&#8220; oder &#8222;Goldener Schl\u00fcssel&#8220; und die angrenzenden Bauernwirtschaften, die Schl\u00fcsselh\u00e4user, standen ca. 80 bis 100 Meter s\u00fcdlicher vom jetzigen Standort. Durch die Neutrassierung der alten Poststra\u00dfe an die Stelle der heutigen Bundessta\u00dfe, w\u00e4re der alte Gasthof &#8222;Zum goldenen Schl\u00fcssel&#8220; von der neuen Verkehrsader v\u00f6llig abgeschnitten worden. Auf der Route Bautzen- Hochkirch &#8211; G\u00f6rlitz ist der Gasthof &#8222;Zum goldenen Schl\u00fcssel&#8220; ideal f\u00fcr Reisende zu erkennen. Die damaligen Eigent\u00fcmer haben den Gasthof 1814, nach dem Abzug der Napoleonischen Truppen an der heutigen Stelle neu errichtet<\/mark><\/h2>\n\n\n\n<figure class=\"wp-block-gallery has-nested-images columns-default is-cropped wp-block-gallery-1 is-layout-flex wp-block-gallery-is-layout-flex\">\n<figure class=\"wp-block-image size-full is-style-default\"><img loading=\"lazy\" decoding=\"async\" width=\"575\" height=\"344\" data-id=\"302\" src=\"https:\/\/xn--zum-schlssel-klb.de\/wp-content\/uploads\/2024\/01\/img-20201101-wa0005-1-2.webp\" alt=\"\" class=\"wp-image-302\" srcset=\"https:\/\/xn--zum-schlssel-klb.de\/wp-content\/uploads\/2024\/01\/img-20201101-wa0005-1-2.webp 575w, https:\/\/xn--zum-schlssel-klb.de\/wp-content\/uploads\/2024\/01\/img-20201101-wa0005-1-2-300x179.webp 300w\" sizes=\"auto, (max-width: 575px) 100vw, 575px\" \/><\/figure>\n<\/figure>\n\n\n\n<p class=\"has-medium-font-size\">Von  1780 bis 1813 als Schmiede und Gasthof an der alten Poststra\u00dfe und von 1814 bis 1970 an der heutigen Stelle bewirtschaftet<\/p>\n\n\n\n<hr class=\"wp-block-separator has-alpha-channel-opacity\"\/>\n\n\n\n<h2 class=\"wp-block-heading has-large-font-size\">                      <em><mark style=\"background-color:rgba(0, 0, 0, 0)\" class=\"has-inline-color has-black-color\"><strong>Historische Ereignisse<\/strong><\/mark><\/em><\/h2>\n\n\n\n<div class=\"wp-block-buttons is-content-justification-center is-layout-flex wp-container-core-buttons-is-layout-16018d1d wp-block-buttons-is-layout-flex\">\n<div class=\"wp-block-button is-style-outline is-style-outline--2\"><a class=\"wp-block-button__link wp-element-button\" href=\"http:\/\/www.alterfritz-hochkirch.de\/Schlacht.html\" target=\"_blank\" rel=\"noreferrer noopener\"><em>Schlacht bei Hochkirch<\/em><\/a><\/div>\n<\/div>\n\n\n\n<p class=\"has-text-align-center has-medium-font-size\">Zwei historisch bedeutsame Ereignisse sind bis heute mit den Schl\u00fcsselh\u00e4usern auf das Engste verbunden. Es sind zum einen die Ereignisse des Siebenj\u00e4hrigen Krieges von 1756 bis 1763, im siebenj\u00e4hrigen Krieg war es die Schlacht bei Hochkirch die am 14. Oktober 1758 ausgetragen wurde.<\/p>\n\n\n<div class=\"wp-block-image\">\n<figure class=\"aligncenter size-full is-resized\"><img loading=\"lazy\" decoding=\"async\" width=\"780\" height=\"556\" src=\"https:\/\/xn--zum-schlssel-klb.de\/wp-content\/uploads\/2024\/01\/een-1756-and-1763-nocturnal-attack-b.webp\" alt=\"\" class=\"wp-image-304\" style=\"width:516px;height:auto\" srcset=\"https:\/\/xn--zum-schlssel-klb.de\/wp-content\/uploads\/2024\/01\/een-1756-and-1763-nocturnal-attack-b.webp 780w, https:\/\/xn--zum-schlssel-klb.de\/wp-content\/uploads\/2024\/01\/een-1756-and-1763-nocturnal-attack-b-300x214.webp 300w, https:\/\/xn--zum-schlssel-klb.de\/wp-content\/uploads\/2024\/01\/een-1756-and-1763-nocturnal-attack-b-768x547.webp 768w\" sizes=\"auto, (max-width: 706px) 89vw, (max-width: 767px) 82vw, 740px\" \/><\/figure>\n<\/div>\n\n\n<div class=\"wp-block-buttons is-content-justification-center is-layout-flex wp-container-core-buttons-is-layout-16018d1d wp-block-buttons-is-layout-flex\">\n<div class=\"wp-block-button is-style-outline is-style-outline--3\"><a class=\"wp-block-button__link wp-element-button\" href=\"https:\/\/www.napoleonstrasse1813.de\/schlacht-bautzen.html\" target=\"_blank\" rel=\"noreferrer noopener\">Napoleon<\/a><\/div>\n<\/div>\n\n\n\n<p><\/p>\n\n\n<div class=\"wp-block-image\">\n<figure class=\"aligncenter size-full is-resized\"><img loading=\"lazy\" decoding=\"async\" width=\"343\" height=\"411\" src=\"https:\/\/xn--zum-schlssel-klb.de\/wp-content\/uploads\/2023\/11\/Napoleon_zu_Pferde-2.jpg\" alt=\"\" class=\"wp-image-185\" style=\"width:273px;height:auto\" srcset=\"https:\/\/xn--zum-schlssel-klb.de\/wp-content\/uploads\/2023\/11\/Napoleon_zu_Pferde-2.jpg 343w, https:\/\/xn--zum-schlssel-klb.de\/wp-content\/uploads\/2023\/11\/Napoleon_zu_Pferde-2-250x300.jpg 250w\" sizes=\"auto, (max-width: 343px) 100vw, 343px\" \/><\/figure>\n<\/div>\n\n\n<h2 class=\"wp-block-heading has-black-color has-text-color has-link-color has-medium-font-size wp-elements-59913fe7d1534678e83210005175dab5\">              Zum anderen die Zeit der Napoleonischen Fremdherrschaft mit der Schlacht bei Bautzen am 20\/21 Mai und anfang September 1813 zu den K\u00e4mpfen um Hochkirch und dem Wohlaer Berg. <\/h2>\n\n\n\n<div style=\"height:20px\" aria-hidden=\"true\" class=\"wp-block-spacer\"><\/div>\n\n\n\n<hr class=\"wp-block-separator has-alpha-channel-opacity\"\/>\n\n\n\n<p class=\"has-text-align-center\"><strong><mark style=\"background-color:rgba(0, 0, 0, 0)\" class=\"has-inline-color has-black-color\">Napoleon &#8211; Steinweihe<\/mark><\/strong><\/p>\n\n\n\n<figure class=\"wp-block-gallery has-nested-images columns-default is-cropped wp-block-gallery-4 is-layout-flex wp-block-gallery-is-layout-flex\">\n<figure class=\"wp-block-image size-large\"><img loading=\"lazy\" decoding=\"async\" width=\"1024\" height=\"576\" data-id=\"110\" src=\"https:\/\/xn--zum-schlssel-klb.de\/wp-content\/uploads\/2021\/09\/Schluessel-5-1024x576.jpg\" alt=\"\" class=\"wp-image-110\" srcset=\"https:\/\/xn--zum-schlssel-klb.de\/wp-content\/uploads\/2021\/09\/Schluessel-5-1024x576.jpg 1024w, https:\/\/xn--zum-schlssel-klb.de\/wp-content\/uploads\/2021\/09\/Schluessel-5-300x169.jpg 300w, https:\/\/xn--zum-schlssel-klb.de\/wp-content\/uploads\/2021\/09\/Schluessel-5-768x432.jpg 768w, https:\/\/xn--zum-schlssel-klb.de\/wp-content\/uploads\/2021\/09\/Schluessel-5-1536x864.jpg 1536w, https:\/\/xn--zum-schlssel-klb.de\/wp-content\/uploads\/2021\/09\/Schluessel-5-2048x1152.jpg 2048w\" sizes=\"auto, (max-width: 706px) 89vw, (max-width: 767px) 82vw, 740px\" \/><\/figure>\n\n\n\n<figure class=\"wp-block-image size-large\"><img loading=\"lazy\" decoding=\"async\" width=\"1024\" height=\"576\" data-id=\"111\" src=\"https:\/\/xn--zum-schlssel-klb.de\/wp-content\/uploads\/2021\/09\/Schluessel-12.1-1024x576.png\" alt=\"\" class=\"wp-image-111\" srcset=\"https:\/\/xn--zum-schlssel-klb.de\/wp-content\/uploads\/2021\/09\/Schluessel-12.1-1024x576.png 1024w, https:\/\/xn--zum-schlssel-klb.de\/wp-content\/uploads\/2021\/09\/Schluessel-12.1-300x169.png 300w, https:\/\/xn--zum-schlssel-klb.de\/wp-content\/uploads\/2021\/09\/Schluessel-12.1-768x432.png 768w, https:\/\/xn--zum-schlssel-klb.de\/wp-content\/uploads\/2021\/09\/Schluessel-12.1-1536x864.png 1536w, https:\/\/xn--zum-schlssel-klb.de\/wp-content\/uploads\/2021\/09\/Schluessel-12.1-2048x1152.png 2048w\" sizes=\"auto, (max-width: 706px) 89vw, (max-width: 767px) 82vw, 740px\" \/><\/figure>\n\n\n\n<figure class=\"wp-block-image size-large\"><img loading=\"lazy\" decoding=\"async\" width=\"1024\" height=\"576\" data-id=\"106\" src=\"https:\/\/xn--zum-schlssel-klb.de\/wp-content\/uploads\/2021\/09\/Schluessel-14-1024x576.jpg\" alt=\"\" class=\"wp-image-106\" srcset=\"https:\/\/xn--zum-schlssel-klb.de\/wp-content\/uploads\/2021\/09\/Schluessel-14-1024x576.jpg 1024w, https:\/\/xn--zum-schlssel-klb.de\/wp-content\/uploads\/2021\/09\/Schluessel-14-300x169.jpg 300w, https:\/\/xn--zum-schlssel-klb.de\/wp-content\/uploads\/2021\/09\/Schluessel-14-768x432.jpg 768w, https:\/\/xn--zum-schlssel-klb.de\/wp-content\/uploads\/2021\/09\/Schluessel-14-1536x864.jpg 1536w, https:\/\/xn--zum-schlssel-klb.de\/wp-content\/uploads\/2021\/09\/Schluessel-14-2048x1152.jpg 2048w\" sizes=\"auto, (max-width: 706px) 89vw, (max-width: 767px) 82vw, 740px\" \/><\/figure>\n\n\n\n<figure class=\"wp-block-image size-large\"><img loading=\"lazy\" decoding=\"async\" width=\"1024\" height=\"536\" data-id=\"313\" src=\"https:\/\/xn--zum-schlssel-klb.de\/wp-content\/uploads\/2024\/01\/schl195188ssel-titelbild-1024x536.webp\" alt=\"\" class=\"wp-image-313\" srcset=\"https:\/\/xn--zum-schlssel-klb.de\/wp-content\/uploads\/2024\/01\/schl195188ssel-titelbild-1024x536.webp 1024w, https:\/\/xn--zum-schlssel-klb.de\/wp-content\/uploads\/2024\/01\/schl195188ssel-titelbild-300x157.webp 300w, https:\/\/xn--zum-schlssel-klb.de\/wp-content\/uploads\/2024\/01\/schl195188ssel-titelbild-768x402.webp 768w, https:\/\/xn--zum-schlssel-klb.de\/wp-content\/uploads\/2024\/01\/schl195188ssel-titelbild.webp 1200w\" sizes=\"auto, (max-width: 706px) 89vw, (max-width: 767px) 82vw, 740px\" \/><\/figure>\n<\/figure>\n\n\n\n<p class=\"has-text-align-center\">Am  11.09.2021  wurde am ehemaligen Gasthof  &#8222;Zum goldenen Schl\u00fcssel&#8220; ein Stein zur Erinnerung an die f\u00fcr die Oberlausitz besonders folgenreiche Napoleonzeit eingeweiht<kbd>.<\/kbd><br>Napoleon hatte mit seinen Gener\u00e4len hier am 4.9.1813 in der Schenke verweilt, bevor er sich zur Erkundung des Gel\u00e4ndes am Wohlaer Berg aufmachte.<\/p>\n\n\n\n<p class=\"has-text-align-center has-medium-font-size\"><\/p>\n","protected":false},"excerpt":{"rendered":"<p>Gebaut im 16. Jahrhundert als Schmiede mit Wirtshaus Die urspr\u00fcngliche Schmiede mit Wirtshaus &#8222;Schlo\u00dfer Schenke&#8220; oder &#8222;Goldener Schl\u00fcssel&#8220; und die angrenzenden Bauernwirtschaften, die Schl\u00fcsselh\u00e4user, standen ca. 80 bis 100 Meter s\u00fcdlicher vom jetzigen Standort. Durch die Neutrassierung der alten Poststra\u00dfe an die Stelle der heutigen Bundessta\u00dfe, w\u00e4re der alte Gasthof &#8222;Zum goldenen Schl\u00fcssel&#8220; von der &hellip; <\/p>\n<p class=\"link-more\"><a href=\"https:\/\/xn--zum-schlssel-klb.de\/?page_id=343\" class=\"more-link\"><span class=\"screen-reader-text\">\u201eDie Geschichte des Gasthofs &#8222;Zum goldenen Schl\u00fcssel&#8220;\u201c <\/span>weiterlesen<\/a><\/p>\n","protected":false},"author":1,"featured_media":0,"parent":0,"menu_order":0,"comment_status":"closed","ping_status":"closed","template":"","meta":{"footnotes":""},"class_list":["post-343","page","type-page","status-publish","hentry"],"yoast_head":"<!-- This site is optimized with the Yoast SEO plugin v27.4 - https:\/\/yoast.com\/product\/yoast-seo-wordpress\/ -->\n<title>Die Geschichte des Gasthofs &quot;Zum goldenen Schl\u00fcssel&quot; - Zum Goldenen Schl\u00fcssel<\/title>\n<meta name=\"robots\" content=\"index, follow, max-snippet:-1, max-image-preview:large, max-video-preview:-1\" \/>\n<link rel=\"canonical\" href=\"https:\/\/xn--zum-schlssel-klb.de\/?page_id=343\" \/>\n<meta property=\"og:locale\" content=\"de_DE\" \/>\n<meta property=\"og:type\" content=\"article\" \/>\n<meta property=\"og:title\" content=\"Die Geschichte des Gasthofs &quot;Zum goldenen Schl\u00fcssel&quot; - Zum Goldenen Schl\u00fcssel\" \/>\n<meta property=\"og:description\" content=\"Gebaut im 16. Jahrhundert als Schmiede mit Wirtshaus Die urspr\u00fcngliche Schmiede mit Wirtshaus &#8222;Schlo\u00dfer Schenke&#8220; oder &#8222;Goldener Schl\u00fcssel&#8220; und die angrenzenden Bauernwirtschaften, die Schl\u00fcsselh\u00e4user, standen ca. 80 bis 100 Meter s\u00fcdlicher vom jetzigen Standort. Durch die Neutrassierung der alten Poststra\u00dfe an die Stelle der heutigen Bundessta\u00dfe, w\u00e4re der alte Gasthof &#8222;Zum goldenen Schl\u00fcssel&#8220; von der &hellip; \u201eDie Geschichte des Gasthofs &#8222;Zum goldenen Schl\u00fcssel&#8220;\u201c weiterlesen\" \/>\n<meta property=\"og:url\" content=\"https:\/\/xn--zum-schlssel-klb.de\/?page_id=343\" \/>\n<meta property=\"og:site_name\" content=\"Zum Goldenen Schl\u00fcssel\" \/>\n<meta property=\"article:modified_time\" content=\"2024-04-15T05:34:39+00:00\" \/>\n<meta property=\"og:image\" content=\"https:\/\/xn--zum-schlssel-klb.de\/wp-content\/uploads\/2024\/01\/img-20201101-wa0005-1-2.webp\" \/>\n<meta name=\"twitter:card\" content=\"summary_large_image\" \/>\n<meta name=\"twitter:label1\" content=\"Gesch\u00e4tzte Lesezeit\" \/>\n\t<meta name=\"twitter:data1\" content=\"3\u00a0Minuten\" \/>\n<script type=\"application\/ld+json\" class=\"yoast-schema-graph\">{\"@context\":\"https:\\\/\\\/schema.org\",\"@graph\":[{\"@type\":\"WebPage\",\"@id\":\"https:\\\/\\\/xn--zum-schlssel-klb.de\\\/?page_id=343\",\"url\":\"https:\\\/\\\/xn--zum-schlssel-klb.de\\\/?page_id=343\",\"name\":\"Die Geschichte des Gasthofs \\\"Zum goldenen Schl\u00fcssel\\\" - Zum Goldenen Schl\u00fcssel\",\"isPartOf\":{\"@id\":\"https:\\\/\\\/xn--zum-schlssel-klb.de\\\/#website\"},\"primaryImageOfPage\":{\"@id\":\"https:\\\/\\\/xn--zum-schlssel-klb.de\\\/?page_id=343#primaryimage\"},\"image\":{\"@id\":\"https:\\\/\\\/xn--zum-schlssel-klb.de\\\/?page_id=343#primaryimage\"},\"thumbnailUrl\":\"https:\\\/\\\/xn--zum-schlssel-klb.de\\\/wp-content\\\/uploads\\\/2024\\\/01\\\/img-20201101-wa0005-1-2.webp\",\"datePublished\":\"2024-02-10T16:01:35+00:00\",\"dateModified\":\"2024-04-15T05:34:39+00:00\",\"breadcrumb\":{\"@id\":\"https:\\\/\\\/xn--zum-schlssel-klb.de\\\/?page_id=343#breadcrumb\"},\"inLanguage\":\"de\",\"potentialAction\":[{\"@type\":\"ReadAction\",\"target\":[\"https:\\\/\\\/xn--zum-schlssel-klb.de\\\/?page_id=343\"]}]},{\"@type\":\"ImageObject\",\"inLanguage\":\"de\",\"@id\":\"https:\\\/\\\/xn--zum-schlssel-klb.de\\\/?page_id=343#primaryimage\",\"url\":\"https:\\\/\\\/xn--zum-schlssel-klb.de\\\/wp-content\\\/uploads\\\/2024\\\/01\\\/img-20201101-wa0005-1-2.webp\",\"contentUrl\":\"https:\\\/\\\/xn--zum-schlssel-klb.de\\\/wp-content\\\/uploads\\\/2024\\\/01\\\/img-20201101-wa0005-1-2.webp\",\"width\":575,\"height\":344},{\"@type\":\"BreadcrumbList\",\"@id\":\"https:\\\/\\\/xn--zum-schlssel-klb.de\\\/?page_id=343#breadcrumb\",\"itemListElement\":[{\"@type\":\"ListItem\",\"position\":1,\"name\":\"Startseite\",\"item\":\"https:\\\/\\\/xn--zum-schlssel-klb.de\\\/\"},{\"@type\":\"ListItem\",\"position\":2,\"name\":\"Die Geschichte des Gasthofs &#8222;Zum goldenen Schl\u00fcssel&#8220;\"}]},{\"@type\":\"WebSite\",\"@id\":\"https:\\\/\\\/xn--zum-schlssel-klb.de\\\/#website\",\"url\":\"https:\\\/\\\/xn--zum-schlssel-klb.de\\\/\",\"name\":\"Zum Goldenen Schl\u00fcssel\",\"description\":\"\",\"publisher\":{\"@id\":\"https:\\\/\\\/xn--zum-schlssel-klb.de\\\/#organization\"},\"potentialAction\":[{\"@type\":\"SearchAction\",\"target\":{\"@type\":\"EntryPoint\",\"urlTemplate\":\"https:\\\/\\\/xn--zum-schlssel-klb.de\\\/?s={search_term_string}\"},\"query-input\":{\"@type\":\"PropertyValueSpecification\",\"valueRequired\":true,\"valueName\":\"search_term_string\"}}],\"inLanguage\":\"de\"},{\"@type\":\"Organization\",\"@id\":\"https:\\\/\\\/xn--zum-schlssel-klb.de\\\/#organization\",\"name\":\"Zum Goldenen Schl\u00fcssel\",\"url\":\"https:\\\/\\\/xn--zum-schlssel-klb.de\\\/\",\"logo\":{\"@type\":\"ImageObject\",\"inLanguage\":\"de\",\"@id\":\"https:\\\/\\\/xn--zum-schlssel-klb.de\\\/#\\\/schema\\\/logo\\\/image\\\/\",\"url\":\"https:\\\/\\\/xn--zum-schlssel-klb.de\\\/wp-content\\\/uploads\\\/2024\\\/02\\\/cropped-240210-Logo-Schluessel.png\",\"contentUrl\":\"https:\\\/\\\/xn--zum-schlssel-klb.de\\\/wp-content\\\/uploads\\\/2024\\\/02\\\/cropped-240210-Logo-Schluessel.png\",\"width\":279,\"height\":250,\"caption\":\"Zum Goldenen Schl\u00fcssel\"},\"image\":{\"@id\":\"https:\\\/\\\/xn--zum-schlssel-klb.de\\\/#\\\/schema\\\/logo\\\/image\\\/\"}}]}<\/script>\n<!-- \/ Yoast SEO plugin. -->","yoast_head_json":{"title":"Die Geschichte des Gasthofs \"Zum goldenen Schl\u00fcssel\" - Zum Goldenen Schl\u00fcssel","robots":{"index":"index","follow":"follow","max-snippet":"max-snippet:-1","max-image-preview":"max-image-preview:large","max-video-preview":"max-video-preview:-1"},"canonical":"https:\/\/xn--zum-schlssel-klb.de\/?page_id=343","og_locale":"de_DE","og_type":"article","og_title":"Die Geschichte des Gasthofs \"Zum goldenen Schl\u00fcssel\" - Zum Goldenen Schl\u00fcssel","og_description":"Gebaut im 16. Jahrhundert als Schmiede mit Wirtshaus Die urspr\u00fcngliche Schmiede mit Wirtshaus &#8222;Schlo\u00dfer Schenke&#8220; oder &#8222;Goldener Schl\u00fcssel&#8220; und die angrenzenden Bauernwirtschaften, die Schl\u00fcsselh\u00e4user, standen ca. 80 bis 100 Meter s\u00fcdlicher vom jetzigen Standort. Durch die Neutrassierung der alten Poststra\u00dfe an die Stelle der heutigen Bundessta\u00dfe, w\u00e4re der alte Gasthof &#8222;Zum goldenen Schl\u00fcssel&#8220; von der &hellip; \u201eDie Geschichte des Gasthofs &#8222;Zum goldenen Schl\u00fcssel&#8220;\u201c weiterlesen","og_url":"https:\/\/xn--zum-schlssel-klb.de\/?page_id=343","og_site_name":"Zum Goldenen Schl\u00fcssel","article_modified_time":"2024-04-15T05:34:39+00:00","og_image":[{"url":"https:\/\/xn--zum-schlssel-klb.de\/wp-content\/uploads\/2024\/01\/img-20201101-wa0005-1-2.webp","type":"","width":"","height":""}],"twitter_card":"summary_large_image","twitter_misc":{"Gesch\u00e4tzte Lesezeit":"3\u00a0Minuten"},"schema":{"@context":"https:\/\/schema.org","@graph":[{"@type":"WebPage","@id":"https:\/\/xn--zum-schlssel-klb.de\/?page_id=343","url":"https:\/\/xn--zum-schlssel-klb.de\/?page_id=343","name":"Die Geschichte des Gasthofs \"Zum goldenen Schl\u00fcssel\" - Zum Goldenen Schl\u00fcssel","isPartOf":{"@id":"https:\/\/xn--zum-schlssel-klb.de\/#website"},"primaryImageOfPage":{"@id":"https:\/\/xn--zum-schlssel-klb.de\/?page_id=343#primaryimage"},"image":{"@id":"https:\/\/xn--zum-schlssel-klb.de\/?page_id=343#primaryimage"},"thumbnailUrl":"https:\/\/xn--zum-schlssel-klb.de\/wp-content\/uploads\/2024\/01\/img-20201101-wa0005-1-2.webp","datePublished":"2024-02-10T16:01:35+00:00","dateModified":"2024-04-15T05:34:39+00:00","breadcrumb":{"@id":"https:\/\/xn--zum-schlssel-klb.de\/?page_id=343#breadcrumb"},"inLanguage":"de","potentialAction":[{"@type":"ReadAction","target":["https:\/\/xn--zum-schlssel-klb.de\/?page_id=343"]}]},{"@type":"ImageObject","inLanguage":"de","@id":"https:\/\/xn--zum-schlssel-klb.de\/?page_id=343#primaryimage","url":"https:\/\/xn--zum-schlssel-klb.de\/wp-content\/uploads\/2024\/01\/img-20201101-wa0005-1-2.webp","contentUrl":"https:\/\/xn--zum-schlssel-klb.de\/wp-content\/uploads\/2024\/01\/img-20201101-wa0005-1-2.webp","width":575,"height":344},{"@type":"BreadcrumbList","@id":"https:\/\/xn--zum-schlssel-klb.de\/?page_id=343#breadcrumb","itemListElement":[{"@type":"ListItem","position":1,"name":"Startseite","item":"https:\/\/xn--zum-schlssel-klb.de\/"},{"@type":"ListItem","position":2,"name":"Die Geschichte des Gasthofs &#8222;Zum goldenen Schl\u00fcssel&#8220;"}]},{"@type":"WebSite","@id":"https:\/\/xn--zum-schlssel-klb.de\/#website","url":"https:\/\/xn--zum-schlssel-klb.de\/","name":"Zum Goldenen Schl\u00fcssel","description":"","publisher":{"@id":"https:\/\/xn--zum-schlssel-klb.de\/#organization"},"potentialAction":[{"@type":"SearchAction","target":{"@type":"EntryPoint","urlTemplate":"https:\/\/xn--zum-schlssel-klb.de\/?s={search_term_string}"},"query-input":{"@type":"PropertyValueSpecification","valueRequired":true,"valueName":"search_term_string"}}],"inLanguage":"de"},{"@type":"Organization","@id":"https:\/\/xn--zum-schlssel-klb.de\/#organization","name":"Zum Goldenen Schl\u00fcssel","url":"https:\/\/xn--zum-schlssel-klb.de\/","logo":{"@type":"ImageObject","inLanguage":"de","@id":"https:\/\/xn--zum-schlssel-klb.de\/#\/schema\/logo\/image\/","url":"https:\/\/xn--zum-schlssel-klb.de\/wp-content\/uploads\/2024\/02\/cropped-240210-Logo-Schluessel.png","contentUrl":"https:\/\/xn--zum-schlssel-klb.de\/wp-content\/uploads\/2024\/02\/cropped-240210-Logo-Schluessel.png","width":279,"height":250,"caption":"Zum Goldenen Schl\u00fcssel"},"image":{"@id":"https:\/\/xn--zum-schlssel-klb.de\/#\/schema\/logo\/image\/"}}]}},"_links":{"self":[{"href":"https:\/\/xn--zum-schlssel-klb.de\/index.php?rest_route=\/wp\/v2\/pages\/343","targetHints":{"allow":["GET"]}}],"collection":[{"href":"https:\/\/xn--zum-schlssel-klb.de\/index.php?rest_route=\/wp\/v2\/pages"}],"about":[{"href":"https:\/\/xn--zum-schlssel-klb.de\/index.php?rest_route=\/wp\/v2\/types\/page"}],"author":[{"embeddable":true,"href":"https:\/\/xn--zum-schlssel-klb.de\/index.php?rest_route=\/wp\/v2\/users\/1"}],"replies":[{"embeddable":true,"href":"https:\/\/xn--zum-schlssel-klb.de\/index.php?rest_route=%2Fwp%2Fv2%2Fcomments&post=343"}],"version-history":[{"count":5,"href":"https:\/\/xn--zum-schlssel-klb.de\/index.php?rest_route=\/wp\/v2\/pages\/343\/revisions"}],"predecessor-version":[{"id":456,"href":"https:\/\/xn--zum-schlssel-klb.de\/index.php?rest_route=\/wp\/v2\/pages\/343\/revisions\/456"}],"wp:attachment":[{"href":"https:\/\/xn--zum-schlssel-klb.de\/index.php?rest_route=%2Fwp%2Fv2%2Fmedia&parent=343"}],"curies":[{"name":"wp","href":"https:\/\/api.w.org\/{rel}","templated":true}]}}