{"id":362,"date":"2024-02-10T18:55:11","date_gmt":"2024-02-10T17:55:11","guid":{"rendered":"https:\/\/xn--zum-schlssel-klb.de\/?page_id=362"},"modified":"2025-10-26T18:59:08","modified_gmt":"2025-10-26T17:59:08","slug":"veranstaltungen-und-events","status":"publish","type":"page","link":"https:\/\/xn--zum-schlssel-klb.de\/?page_id=362","title":{"rendered":"Veranstaltungen und Events"},"content":{"rendered":"\n<h2 class=\"wp-block-heading has-text-align-center\">                                                         <strong><em>Gl\u00fchwein &#8211; Probe  2025  <\/em><\/strong><\/h2>\n\n\n\n<blockquote class=\"wp-block-quote is-layout-flow wp-block-quote-is-layout-flow\">\n<div class=\"wp-block-group is-nowrap is-layout-flex wp-container-core-group-is-layout-ad2f72ca wp-block-group-is-layout-flex\">\n<blockquote class=\"wp-block-quote has-text-align-center is-layout-flow wp-block-quote-is-layout-flow\">\n<p><em>Liebe Freunde des Winterlichen Genusses<\/em>,<\/p>\n\n\n\n<p>die Tage werden k\u00fcrzer, die N\u00e4chte k\u00e4lter \u2013 h\u00f6chste Zeit , die Gl\u00fchweinsaison feierlich zu er\u00f6ffnen!!<\/p>\n\n\n\n<p>Darum laden wir Euch herzlich ein zu unserer gem\u00fctlichen<\/p>\n\n\n\n<p>Gl\u00fchwein \u2013 Probe 2025<\/p>\n\n\n\n<p>Wann: Freitag 28.November 2025<\/p>\n\n\n\n<p>ab 18.00Uhr<\/p>\n\n\n\n<p>f\u00fcr das leibliche Wohl ist gesorgt.<\/p>\n\n\n\n<p>Wir freuen uns auf einen gem\u00fctlichen ,duftenden und fr\u00f6hlichen Abend mit euch!!<\/p>\n<\/blockquote>\n<\/div>\n\n\n\n<p><\/p>\n<\/blockquote>\n\n\n\n<h2 class=\"wp-block-heading\"><strong>Terrassenfest zu Christi Himmelfahrt 2025<\/strong><\/h2>\n\n\n\n<div class=\"wp-block-media-text is-stacked-on-mobile\" style=\"grid-template-columns:21% auto\"><figure class=\"wp-block-media-text__media\"><img loading=\"lazy\" decoding=\"async\" width=\"734\" height=\"1024\" src=\"https:\/\/xn--zum-schlssel-klb.de\/wp-content\/uploads\/2024\/01\/IMG_Mass-734x1024.jpg\" alt=\"Himmefahrtbier\" class=\"wp-image-296 size-full\"\/><\/figure><div class=\"wp-block-media-text__content\">\n<p>Nach gelungenem letzen Jahr lade ich auch dieses Jahr wieder zum <a href=\"https:\/\/zum-schl\u00fcssel.de\/?p=128\" target=\"_blank\" rel=\"noreferrer noopener\">Terrassenfest<\/a>. Ein k\u00fchles Bier vom Fass, eine Bratwurst, Kaffee und Kuchen und weitere Kleinigkeiten weden auf Euch warten.<\/p>\n<\/div><\/div>\n\n\n\n<h2 class=\"wp-block-heading\">R\u00fcckblick 2024<\/h2>\n\n\n\n<figure class=\"wp-block-gallery has-nested-images columns-default is-cropped wp-block-gallery-1 is-layout-flex wp-block-gallery-is-layout-flex\">\n<figure class=\"wp-block-image size-large\"><a href=\"https:\/\/xn--zum-schlssel-klb.de\/wp-content\/uploads\/2023\/03\/IMG-20240511-WA0019.jpg\" target=\"_blank\" rel=\" noreferrer noopener\"><img loading=\"lazy\" decoding=\"async\" width=\"1024\" height=\"461\" data-id=\"467\" src=\"https:\/\/xn--zum-schlssel-klb.de\/wp-content\/uploads\/2023\/03\/IMG-20240511-WA0019-1024x461.jpg\" alt=\"\" class=\"wp-image-467\" srcset=\"https:\/\/xn--zum-schlssel-klb.de\/wp-content\/uploads\/2023\/03\/IMG-20240511-WA0019-1024x461.jpg 1024w, https:\/\/xn--zum-schlssel-klb.de\/wp-content\/uploads\/2023\/03\/IMG-20240511-WA0019-300x135.jpg 300w, https:\/\/xn--zum-schlssel-klb.de\/wp-content\/uploads\/2023\/03\/IMG-20240511-WA0019-768x346.jpg 768w, https:\/\/xn--zum-schlssel-klb.de\/wp-content\/uploads\/2023\/03\/IMG-20240511-WA0019-1536x691.jpg 1536w, https:\/\/xn--zum-schlssel-klb.de\/wp-content\/uploads\/2023\/03\/IMG-20240511-WA0019.jpg 2000w\" sizes=\"auto, (max-width: 706px) 89vw, (max-width: 767px) 82vw, 740px\" \/><\/a><\/figure>\n\n\n\n<figure class=\"wp-block-image size-large\"><a href=\"https:\/\/xn--zum-schlssel-klb.de\/wp-content\/uploads\/2023\/03\/IMG_20240509_095400_950-scaled.jpg\" target=\"_blank\" rel=\" noreferrer noopener\"><img loading=\"lazy\" decoding=\"async\" width=\"1024\" height=\"759\" data-id=\"473\" src=\"https:\/\/xn--zum-schlssel-klb.de\/wp-content\/uploads\/2023\/03\/IMG_20240509_095400_950-1024x759.jpg\" alt=\"\" class=\"wp-image-473\" srcset=\"https:\/\/xn--zum-schlssel-klb.de\/wp-content\/uploads\/2023\/03\/IMG_20240509_095400_950-1024x759.jpg 1024w, https:\/\/xn--zum-schlssel-klb.de\/wp-content\/uploads\/2023\/03\/IMG_20240509_095400_950-300x222.jpg 300w, https:\/\/xn--zum-schlssel-klb.de\/wp-content\/uploads\/2023\/03\/IMG_20240509_095400_950-768x569.jpg 768w, https:\/\/xn--zum-schlssel-klb.de\/wp-content\/uploads\/2023\/03\/IMG_20240509_095400_950-1536x1139.jpg 1536w, https:\/\/xn--zum-schlssel-klb.de\/wp-content\/uploads\/2023\/03\/IMG_20240509_095400_950-2048x1518.jpg 2048w\" sizes=\"auto, (max-width: 706px) 89vw, (max-width: 767px) 82vw, 740px\" \/><\/a><\/figure>\n\n\n\n<figure class=\"wp-block-image size-large\"><a href=\"https:\/\/xn--zum-schlssel-klb.de\/wp-content\/uploads\/2023\/03\/IMG-20240511-WA0003.jpg\" target=\"_blank\" rel=\" noreferrer noopener\"><img loading=\"lazy\" decoding=\"async\" width=\"461\" height=\"1024\" data-id=\"462\" src=\"https:\/\/xn--zum-schlssel-klb.de\/wp-content\/uploads\/2023\/03\/IMG-20240511-WA0003-461x1024.jpg\" alt=\"\" class=\"wp-image-462\" srcset=\"https:\/\/xn--zum-schlssel-klb.de\/wp-content\/uploads\/2023\/03\/IMG-20240511-WA0003-461x1024.jpg 461w, https:\/\/xn--zum-schlssel-klb.de\/wp-content\/uploads\/2023\/03\/IMG-20240511-WA0003-135x300.jpg 135w, https:\/\/xn--zum-schlssel-klb.de\/wp-content\/uploads\/2023\/03\/IMG-20240511-WA0003-768x1707.jpg 768w, https:\/\/xn--zum-schlssel-klb.de\/wp-content\/uploads\/2023\/03\/IMG-20240511-WA0003-691x1536.jpg 691w, https:\/\/xn--zum-schlssel-klb.de\/wp-content\/uploads\/2023\/03\/IMG-20240511-WA0003.jpg 900w\" sizes=\"auto, (max-width: 461px) 100vw, 461px\" \/><\/a><\/figure>\n\n\n\n<figure class=\"wp-block-image size-large\"><a href=\"https:\/\/xn--zum-schlssel-klb.de\/wp-content\/uploads\/2023\/03\/IMG-20240511-WA0015.jpg\" target=\"_blank\" rel=\" noreferrer noopener\"><img loading=\"lazy\" decoding=\"async\" width=\"461\" height=\"1024\" data-id=\"464\" src=\"https:\/\/xn--zum-schlssel-klb.de\/wp-content\/uploads\/2023\/03\/IMG-20240511-WA0015-461x1024.jpg\" alt=\"\" class=\"wp-image-464\" srcset=\"https:\/\/xn--zum-schlssel-klb.de\/wp-content\/uploads\/2023\/03\/IMG-20240511-WA0015-461x1024.jpg 461w, https:\/\/xn--zum-schlssel-klb.de\/wp-content\/uploads\/2023\/03\/IMG-20240511-WA0015-135x300.jpg 135w, https:\/\/xn--zum-schlssel-klb.de\/wp-content\/uploads\/2023\/03\/IMG-20240511-WA0015-768x1707.jpg 768w, https:\/\/xn--zum-schlssel-klb.de\/wp-content\/uploads\/2023\/03\/IMG-20240511-WA0015-691x1536.jpg 691w, https:\/\/xn--zum-schlssel-klb.de\/wp-content\/uploads\/2023\/03\/IMG-20240511-WA0015.jpg 900w\" sizes=\"auto, (max-width: 461px) 100vw, 461px\" \/><\/a><\/figure>\n\n\n\n<figure class=\"wp-block-image size-large\"><a href=\"https:\/\/xn--zum-schlssel-klb.de\/wp-content\/uploads\/2023\/03\/DSC_6115-1.jpg\" target=\"_blank\" rel=\" noreferrer noopener\"><img loading=\"lazy\" decoding=\"async\" width=\"1024\" height=\"680\" data-id=\"470\" src=\"https:\/\/xn--zum-schlssel-klb.de\/wp-content\/uploads\/2023\/03\/DSC_6115-1-1024x680.jpg\" alt=\"\" class=\"wp-image-470\" srcset=\"https:\/\/xn--zum-schlssel-klb.de\/wp-content\/uploads\/2023\/03\/DSC_6115-1-1024x680.jpg 1024w, https:\/\/xn--zum-schlssel-klb.de\/wp-content\/uploads\/2023\/03\/DSC_6115-1-300x199.jpg 300w, https:\/\/xn--zum-schlssel-klb.de\/wp-content\/uploads\/2023\/03\/DSC_6115-1-768x510.jpg 768w, https:\/\/xn--zum-schlssel-klb.de\/wp-content\/uploads\/2023\/03\/DSC_6115-1-1536x1020.jpg 1536w, https:\/\/xn--zum-schlssel-klb.de\/wp-content\/uploads\/2023\/03\/DSC_6115-1-2048x1360.jpg 2048w\" sizes=\"auto, (max-width: 706px) 89vw, (max-width: 767px) 82vw, 740px\" \/><\/a><\/figure>\n\n\n\n<figure class=\"wp-block-image size-large\"><a href=\"https:\/\/xn--zum-schlssel-klb.de\/wp-content\/uploads\/2023\/03\/DSCF0003-scaled.jpg\" target=\"_blank\" rel=\" noreferrer noopener\"><img loading=\"lazy\" decoding=\"async\" width=\"1024\" height=\"768\" data-id=\"460\" src=\"https:\/\/xn--zum-schlssel-klb.de\/wp-content\/uploads\/2023\/03\/DSCF0003-1024x768.jpg\" alt=\"\" class=\"wp-image-460\" srcset=\"https:\/\/xn--zum-schlssel-klb.de\/wp-content\/uploads\/2023\/03\/DSCF0003-1024x768.jpg 1024w, https:\/\/xn--zum-schlssel-klb.de\/wp-content\/uploads\/2023\/03\/DSCF0003-300x225.jpg 300w, https:\/\/xn--zum-schlssel-klb.de\/wp-content\/uploads\/2023\/03\/DSCF0003-768x576.jpg 768w, https:\/\/xn--zum-schlssel-klb.de\/wp-content\/uploads\/2023\/03\/DSCF0003-1536x1152.jpg 1536w, https:\/\/xn--zum-schlssel-klb.de\/wp-content\/uploads\/2023\/03\/DSCF0003-2048x1536.jpg 2048w\" sizes=\"auto, (max-width: 706px) 89vw, (max-width: 767px) 82vw, 740px\" \/><\/a><\/figure>\n\n\n\n<figure class=\"wp-block-image size-large\"><a href=\"https:\/\/xn--zum-schlssel-klb.de\/wp-content\/uploads\/2025\/02\/IMG-20240509-WA0004.jpg\" target=\"_blank\" rel=\" noreferrer noopener\"><img loading=\"lazy\" decoding=\"async\" width=\"1024\" height=\"576\" data-id=\"504\" src=\"https:\/\/xn--zum-schlssel-klb.de\/wp-content\/uploads\/2025\/02\/IMG-20240509-WA0004-1024x576.jpg\" alt=\"\" class=\"wp-image-504\" srcset=\"https:\/\/xn--zum-schlssel-klb.de\/wp-content\/uploads\/2025\/02\/IMG-20240509-WA0004-1024x576.jpg 1024w, https:\/\/xn--zum-schlssel-klb.de\/wp-content\/uploads\/2025\/02\/IMG-20240509-WA0004-300x169.jpg 300w, https:\/\/xn--zum-schlssel-klb.de\/wp-content\/uploads\/2025\/02\/IMG-20240509-WA0004-768x432.jpg 768w, https:\/\/xn--zum-schlssel-klb.de\/wp-content\/uploads\/2025\/02\/IMG-20240509-WA0004-1536x864.jpg 1536w, https:\/\/xn--zum-schlssel-klb.de\/wp-content\/uploads\/2025\/02\/IMG-20240509-WA0004.jpg 2016w\" sizes=\"auto, (max-width: 706px) 89vw, (max-width: 767px) 82vw, 740px\" \/><\/a><\/figure>\n\n\n\n<figure class=\"wp-block-image size-large\"><a href=\"https:\/\/xn--zum-schlssel-klb.de\/wp-content\/uploads\/2023\/03\/DSCF0004-scaled.jpg\" target=\"_blank\" rel=\" noreferrer noopener\"><img loading=\"lazy\" decoding=\"async\" width=\"1024\" height=\"768\" data-id=\"461\" src=\"https:\/\/xn--zum-schlssel-klb.de\/wp-content\/uploads\/2023\/03\/DSCF0004-1024x768.jpg\" alt=\"\" class=\"wp-image-461\" srcset=\"https:\/\/xn--zum-schlssel-klb.de\/wp-content\/uploads\/2023\/03\/DSCF0004-1024x768.jpg 1024w, https:\/\/xn--zum-schlssel-klb.de\/wp-content\/uploads\/2023\/03\/DSCF0004-300x225.jpg 300w, https:\/\/xn--zum-schlssel-klb.de\/wp-content\/uploads\/2023\/03\/DSCF0004-768x576.jpg 768w, https:\/\/xn--zum-schlssel-klb.de\/wp-content\/uploads\/2023\/03\/DSCF0004-1536x1152.jpg 1536w, https:\/\/xn--zum-schlssel-klb.de\/wp-content\/uploads\/2023\/03\/DSCF0004-2048x1536.jpg 2048w\" sizes=\"auto, (max-width: 706px) 89vw, (max-width: 767px) 82vw, 740px\" \/><\/a><\/figure>\n\n\n\n<figure class=\"wp-block-image size-large\"><a href=\"https:\/\/xn--zum-schlssel-klb.de\/wp-content\/uploads\/2023\/03\/IMG-20240511-WA0008-1.jpg\" target=\"_blank\" rel=\" noreferrer noopener\"><img loading=\"lazy\" decoding=\"async\" width=\"1024\" height=\"1024\" data-id=\"469\" src=\"https:\/\/xn--zum-schlssel-klb.de\/wp-content\/uploads\/2023\/03\/IMG-20240511-WA0008-1024x1024.jpg\" alt=\"\" class=\"wp-image-469\" srcset=\"https:\/\/xn--zum-schlssel-klb.de\/wp-content\/uploads\/2023\/03\/IMG-20240511-WA0008-1024x1024.jpg 1024w, https:\/\/xn--zum-schlssel-klb.de\/wp-content\/uploads\/2023\/03\/IMG-20240511-WA0008-300x300.jpg 300w, https:\/\/xn--zum-schlssel-klb.de\/wp-content\/uploads\/2023\/03\/IMG-20240511-WA0008-150x150.jpg 150w, https:\/\/xn--zum-schlssel-klb.de\/wp-content\/uploads\/2023\/03\/IMG-20240511-WA0008-768x768.jpg 768w, https:\/\/xn--zum-schlssel-klb.de\/wp-content\/uploads\/2023\/03\/IMG-20240511-WA0008-1536x1536.jpg 1536w, https:\/\/xn--zum-schlssel-klb.de\/wp-content\/uploads\/2023\/03\/IMG-20240511-WA0008-100x100.jpg 100w, https:\/\/xn--zum-schlssel-klb.de\/wp-content\/uploads\/2023\/03\/IMG-20240511-WA0008.jpg 2048w\" sizes=\"auto, (max-width: 706px) 89vw, (max-width: 767px) 82vw, 740px\" \/><\/a><\/figure>\n<\/figure>\n\n\n\n<div class=\"wp-block-media-text is-stacked-on-mobile\" style=\"grid-template-columns:21% auto\"><figure class=\"wp-block-media-text__media\"><img decoding=\"async\" src=\"https:\/\/xn--zum-schlssel-klb.de\/wp-content\/uploads\/2024\/01\/cropped-cropped-Logo-scaled-1.jpg\" alt=\"\" class=\"wp-image-333 size-full\"\/><\/figure><div class=\"wp-block-media-text__content\">\n<p><\/p>\n<\/div><\/div>\n\n\n\n<p><\/p>\n","protected":false},"excerpt":{"rendered":"<p>Gl\u00fchwein &#8211; Probe 2025 Terrassenfest zu Christi Himmelfahrt 2025 Nach gelungenem letzen Jahr lade ich auch dieses Jahr wieder zum Terrassenfest. Ein k\u00fchles Bier vom Fass, eine Bratwurst, Kaffee und Kuchen und weitere Kleinigkeiten weden auf Euch warten. R\u00fcckblick 2024<\/p>\n","protected":false},"author":1,"featured_media":0,"parent":0,"menu_order":0,"comment_status":"closed","ping_status":"closed","template":"","meta":{"footnotes":""},"class_list":["post-362","page","type-page","status-publish","hentry"],"yoast_head":"<!-- This site is optimized with the Yoast SEO plugin v27.5 - https:\/\/yoast.com\/product\/yoast-seo-wordpress\/ -->\n<title>Veranstaltungen und Events - Zum Goldenen Schl\u00fcssel<\/title>\n<meta name=\"robots\" content=\"index, follow, max-snippet:-1, max-image-preview:large, max-video-preview:-1\" \/>\n<link rel=\"canonical\" href=\"https:\/\/xn--zum-schlssel-klb.de\/?page_id=362\" \/>\n<meta property=\"og:locale\" content=\"de_DE\" \/>\n<meta property=\"og:type\" content=\"article\" \/>\n<meta property=\"og:title\" content=\"Veranstaltungen und Events - Zum Goldenen Schl\u00fcssel\" \/>\n<meta property=\"og:description\" content=\"Gl\u00fchwein &#8211; Probe 2025 Terrassenfest zu Christi Himmelfahrt 2025 Nach gelungenem letzen Jahr lade ich auch dieses Jahr wieder zum Terrassenfest. Ein k\u00fchles Bier vom Fass, eine Bratwurst, Kaffee und Kuchen und weitere Kleinigkeiten weden auf Euch warten. R\u00fcckblick 2024\" \/>\n<meta property=\"og:url\" content=\"https:\/\/xn--zum-schlssel-klb.de\/?page_id=362\" \/>\n<meta property=\"og:site_name\" content=\"Zum Goldenen Schl\u00fcssel\" \/>\n<meta property=\"article:modified_time\" content=\"2025-10-26T17:59:08+00:00\" \/>\n<meta property=\"og:image\" content=\"https:\/\/xn--zum-schlssel-klb.de\/wp-content\/uploads\/2024\/01\/IMG_Mass-e1704220579818.jpg\" \/>\n\t<meta property=\"og:image:width\" content=\"663\" \/>\n\t<meta property=\"og:image:height\" content=\"926\" \/>\n\t<meta property=\"og:image:type\" content=\"image\/jpeg\" \/>\n<meta name=\"twitter:card\" content=\"summary_large_image\" \/>\n<meta name=\"twitter:label1\" content=\"Gesch\u00e4tzte Lesezeit\" \/>\n\t<meta name=\"twitter:data1\" content=\"3\u00a0Minuten\" \/>\n<script type=\"application\/ld+json\" class=\"yoast-schema-graph\">{\"@context\":\"https:\\\/\\\/schema.org\",\"@graph\":[{\"@type\":\"WebPage\",\"@id\":\"https:\\\/\\\/xn--zum-schlssel-klb.de\\\/?page_id=362\",\"url\":\"https:\\\/\\\/xn--zum-schlssel-klb.de\\\/?page_id=362\",\"name\":\"Veranstaltungen und Events - Zum Goldenen Schl\u00fcssel\",\"isPartOf\":{\"@id\":\"https:\\\/\\\/xn--zum-schlssel-klb.de\\\/#website\"},\"primaryImageOfPage\":{\"@id\":\"https:\\\/\\\/xn--zum-schlssel-klb.de\\\/?page_id=362#primaryimage\"},\"image\":{\"@id\":\"https:\\\/\\\/xn--zum-schlssel-klb.de\\\/?page_id=362#primaryimage\"},\"thumbnailUrl\":\"https:\\\/\\\/xn--zum-schlssel-klb.de\\\/wp-content\\\/uploads\\\/2024\\\/01\\\/IMG_Mass-734x1024.jpg\",\"datePublished\":\"2024-02-10T17:55:11+00:00\",\"dateModified\":\"2025-10-26T17:59:08+00:00\",\"breadcrumb\":{\"@id\":\"https:\\\/\\\/xn--zum-schlssel-klb.de\\\/?page_id=362#breadcrumb\"},\"inLanguage\":\"de\",\"potentialAction\":[{\"@type\":\"ReadAction\",\"target\":[\"https:\\\/\\\/xn--zum-schlssel-klb.de\\\/?page_id=362\"]}]},{\"@type\":\"ImageObject\",\"inLanguage\":\"de\",\"@id\":\"https:\\\/\\\/xn--zum-schlssel-klb.de\\\/?page_id=362#primaryimage\",\"url\":\"https:\\\/\\\/xn--zum-schlssel-klb.de\\\/wp-content\\\/uploads\\\/2024\\\/01\\\/IMG_Mass-e1704220579818.jpg\",\"contentUrl\":\"https:\\\/\\\/xn--zum-schlssel-klb.de\\\/wp-content\\\/uploads\\\/2024\\\/01\\\/IMG_Mass-e1704220579818.jpg\",\"width\":663,\"height\":926,\"caption\":\"Himmefahrtbier\"},{\"@type\":\"BreadcrumbList\",\"@id\":\"https:\\\/\\\/xn--zum-schlssel-klb.de\\\/?page_id=362#breadcrumb\",\"itemListElement\":[{\"@type\":\"ListItem\",\"position\":1,\"name\":\"Startseite\",\"item\":\"https:\\\/\\\/xn--zum-schlssel-klb.de\\\/\"},{\"@type\":\"ListItem\",\"position\":2,\"name\":\"Veranstaltungen und Events\"}]},{\"@type\":\"WebSite\",\"@id\":\"https:\\\/\\\/xn--zum-schlssel-klb.de\\\/#website\",\"url\":\"https:\\\/\\\/xn--zum-schlssel-klb.de\\\/\",\"name\":\"Zum Goldenen Schl\u00fcssel\",\"description\":\"\",\"publisher\":{\"@id\":\"https:\\\/\\\/xn--zum-schlssel-klb.de\\\/#organization\"},\"potentialAction\":[{\"@type\":\"SearchAction\",\"target\":{\"@type\":\"EntryPoint\",\"urlTemplate\":\"https:\\\/\\\/xn--zum-schlssel-klb.de\\\/?s={search_term_string}\"},\"query-input\":{\"@type\":\"PropertyValueSpecification\",\"valueRequired\":true,\"valueName\":\"search_term_string\"}}],\"inLanguage\":\"de\"},{\"@type\":\"Organization\",\"@id\":\"https:\\\/\\\/xn--zum-schlssel-klb.de\\\/#organization\",\"name\":\"Zum Goldenen Schl\u00fcssel\",\"url\":\"https:\\\/\\\/xn--zum-schlssel-klb.de\\\/\",\"logo\":{\"@type\":\"ImageObject\",\"inLanguage\":\"de\",\"@id\":\"https:\\\/\\\/xn--zum-schlssel-klb.de\\\/#\\\/schema\\\/logo\\\/image\\\/\",\"url\":\"https:\\\/\\\/xn--zum-schlssel-klb.de\\\/wp-content\\\/uploads\\\/2024\\\/02\\\/cropped-240210-Logo-Schluessel.png\",\"contentUrl\":\"https:\\\/\\\/xn--zum-schlssel-klb.de\\\/wp-content\\\/uploads\\\/2024\\\/02\\\/cropped-240210-Logo-Schluessel.png\",\"width\":279,\"height\":250,\"caption\":\"Zum Goldenen Schl\u00fcssel\"},\"image\":{\"@id\":\"https:\\\/\\\/xn--zum-schlssel-klb.de\\\/#\\\/schema\\\/logo\\\/image\\\/\"}}]}<\/script>\n<!-- \/ Yoast SEO plugin. -->","yoast_head_json":{"title":"Veranstaltungen und Events - Zum Goldenen Schl\u00fcssel","robots":{"index":"index","follow":"follow","max-snippet":"max-snippet:-1","max-image-preview":"max-image-preview:large","max-video-preview":"max-video-preview:-1"},"canonical":"https:\/\/xn--zum-schlssel-klb.de\/?page_id=362","og_locale":"de_DE","og_type":"article","og_title":"Veranstaltungen und Events - Zum Goldenen Schl\u00fcssel","og_description":"Gl\u00fchwein &#8211; Probe 2025 Terrassenfest zu Christi Himmelfahrt 2025 Nach gelungenem letzen Jahr lade ich auch dieses Jahr wieder zum Terrassenfest. Ein k\u00fchles Bier vom Fass, eine Bratwurst, Kaffee und Kuchen und weitere Kleinigkeiten weden auf Euch warten. R\u00fcckblick 2024","og_url":"https:\/\/xn--zum-schlssel-klb.de\/?page_id=362","og_site_name":"Zum Goldenen Schl\u00fcssel","article_modified_time":"2025-10-26T17:59:08+00:00","og_image":[{"width":663,"height":926,"url":"https:\/\/xn--zum-schlssel-klb.de\/wp-content\/uploads\/2024\/01\/IMG_Mass-e1704220579818.jpg","type":"image\/jpeg"}],"twitter_card":"summary_large_image","twitter_misc":{"Gesch\u00e4tzte Lesezeit":"3\u00a0Minuten"},"schema":{"@context":"https:\/\/schema.org","@graph":[{"@type":"WebPage","@id":"https:\/\/xn--zum-schlssel-klb.de\/?page_id=362","url":"https:\/\/xn--zum-schlssel-klb.de\/?page_id=362","name":"Veranstaltungen und Events - Zum Goldenen Schl\u00fcssel","isPartOf":{"@id":"https:\/\/xn--zum-schlssel-klb.de\/#website"},"primaryImageOfPage":{"@id":"https:\/\/xn--zum-schlssel-klb.de\/?page_id=362#primaryimage"},"image":{"@id":"https:\/\/xn--zum-schlssel-klb.de\/?page_id=362#primaryimage"},"thumbnailUrl":"https:\/\/xn--zum-schlssel-klb.de\/wp-content\/uploads\/2024\/01\/IMG_Mass-734x1024.jpg","datePublished":"2024-02-10T17:55:11+00:00","dateModified":"2025-10-26T17:59:08+00:00","breadcrumb":{"@id":"https:\/\/xn--zum-schlssel-klb.de\/?page_id=362#breadcrumb"},"inLanguage":"de","potentialAction":[{"@type":"ReadAction","target":["https:\/\/xn--zum-schlssel-klb.de\/?page_id=362"]}]},{"@type":"ImageObject","inLanguage":"de","@id":"https:\/\/xn--zum-schlssel-klb.de\/?page_id=362#primaryimage","url":"https:\/\/xn--zum-schlssel-klb.de\/wp-content\/uploads\/2024\/01\/IMG_Mass-e1704220579818.jpg","contentUrl":"https:\/\/xn--zum-schlssel-klb.de\/wp-content\/uploads\/2024\/01\/IMG_Mass-e1704220579818.jpg","width":663,"height":926,"caption":"Himmefahrtbier"},{"@type":"BreadcrumbList","@id":"https:\/\/xn--zum-schlssel-klb.de\/?page_id=362#breadcrumb","itemListElement":[{"@type":"ListItem","position":1,"name":"Startseite","item":"https:\/\/xn--zum-schlssel-klb.de\/"},{"@type":"ListItem","position":2,"name":"Veranstaltungen und Events"}]},{"@type":"WebSite","@id":"https:\/\/xn--zum-schlssel-klb.de\/#website","url":"https:\/\/xn--zum-schlssel-klb.de\/","name":"Zum Goldenen Schl\u00fcssel","description":"","publisher":{"@id":"https:\/\/xn--zum-schlssel-klb.de\/#organization"},"potentialAction":[{"@type":"SearchAction","target":{"@type":"EntryPoint","urlTemplate":"https:\/\/xn--zum-schlssel-klb.de\/?s={search_term_string}"},"query-input":{"@type":"PropertyValueSpecification","valueRequired":true,"valueName":"search_term_string"}}],"inLanguage":"de"},{"@type":"Organization","@id":"https:\/\/xn--zum-schlssel-klb.de\/#organization","name":"Zum Goldenen Schl\u00fcssel","url":"https:\/\/xn--zum-schlssel-klb.de\/","logo":{"@type":"ImageObject","inLanguage":"de","@id":"https:\/\/xn--zum-schlssel-klb.de\/#\/schema\/logo\/image\/","url":"https:\/\/xn--zum-schlssel-klb.de\/wp-content\/uploads\/2024\/02\/cropped-240210-Logo-Schluessel.png","contentUrl":"https:\/\/xn--zum-schlssel-klb.de\/wp-content\/uploads\/2024\/02\/cropped-240210-Logo-Schluessel.png","width":279,"height":250,"caption":"Zum Goldenen Schl\u00fcssel"},"image":{"@id":"https:\/\/xn--zum-schlssel-klb.de\/#\/schema\/logo\/image\/"}}]}},"_links":{"self":[{"href":"https:\/\/xn--zum-schlssel-klb.de\/index.php?rest_route=\/wp\/v2\/pages\/362","targetHints":{"allow":["GET"]}}],"collection":[{"href":"https:\/\/xn--zum-schlssel-klb.de\/index.php?rest_route=\/wp\/v2\/pages"}],"about":[{"href":"https:\/\/xn--zum-schlssel-klb.de\/index.php?rest_route=\/wp\/v2\/types\/page"}],"author":[{"embeddable":true,"href":"https:\/\/xn--zum-schlssel-klb.de\/index.php?rest_route=\/wp\/v2\/users\/1"}],"replies":[{"embeddable":true,"href":"https:\/\/xn--zum-schlssel-klb.de\/index.php?rest_route=%2Fwp%2Fv2%2Fcomments&post=362"}],"version-history":[{"count":15,"href":"https:\/\/xn--zum-schlssel-klb.de\/index.php?rest_route=\/wp\/v2\/pages\/362\/revisions"}],"predecessor-version":[{"id":586,"href":"https:\/\/xn--zum-schlssel-klb.de\/index.php?rest_route=\/wp\/v2\/pages\/362\/revisions\/586"}],"wp:attachment":[{"href":"https:\/\/xn--zum-schlssel-klb.de\/index.php?rest_route=%2Fwp%2Fv2%2Fmedia&parent=362"}],"curies":[{"name":"wp","href":"https:\/\/api.w.org\/{rel}","templated":true}]}}